{"id":150,"date":"2021-10-23T19:21:59","date_gmt":"2021-10-23T17:21:59","guid":{"rendered":"https:\/\/huettens-zwerge.de\/?page_id=150"},"modified":"2021-11-15T14:03:04","modified_gmt":"2021-11-15T13:03:04","slug":"paedagogisches-konzept","status":"publish","type":"page","link":"https:\/\/huettens-zwerge.de\/?page_id=150","title":{"rendered":"P\u00e4dagogisches Konzept"},"content":{"rendered":"\n<h3 class=\"wp-block-heading\">\u201eSituationsorientierter Ansatz\u201c<\/h3>\n\n\n\n<p>Wir arbeiten nach dem Situationsorientierten Ansatz, dessen Ziel ist die Selbst-, Sach-, und Sozialkompetenz von Kindern auf- und auszubauen, um bei den Kindern m\u00f6glichst viele Ressourcen zu wecken und eine Entwicklung in allen Entwicklungsfeldern m\u00f6glich zu machen. Praktisch bedeutet dies, die Selbstst\u00e4ndigkeit der Kinder, ihre Autonomie und ihr soziales Verhalten auf der Grundlage eines werteorientierten Verhaltens zu aktivieren und weiterzuentwickeln.<\/p>\n\n\n\n<p>Wir gehen von einem ganzheitlichen Menschenbild aus: K\u00f6rper und Geist gehen Hand in Hand und werden nach den individuellen Bed\u00fcrfnissen gef\u00f6rdert. Wir m\u00f6chten die aktuellen Bed\u00fcrfnisse des Kindes erkennen und mit entsprechendem Angebot darauf reagieren. Jeder hat seinen eigenen Bauplan, deswegen ist bei jedem Kind die Entwicklung individuell.<\/p>\n\n\n\n<p>Dabei orientieren wir uns an folgenden Bildungsbereichen:<\/p>\n\n\n\n<p><a href=\"#Bewegung\" data-type=\"internal\">Bewegung (Motorik und Sensorik)<\/a><br><a href=\"#Gestalten\">Gestalten<\/a><br><a href=\"#Sprachf\u00f6rderung\">Sprachf\u00f6rderung<\/a><br><a href=\"#Natur-und-Umwelt\">Natur und Umwelt<\/a><br><a href=\"#Musik\">Musik<\/a><br><a href=\"#Sozialkompetenz\">Sozialkompetenz<\/a><br><a href=\"#Trockenwerden\">Trockenwerden<\/a><\/p>\n\n\n\n<h3 class=\"wp-block-heading\" id=\"Bewegung\">Bewegung (Motorik und Sensorik)<\/h3>\n\n\n\n<p>Kinder brauchen Bewegung. K\u00f6rperliche Aktivit\u00e4t fordert ihre Kooperations- und Koordinationsf\u00e4higkeiten und schult die ganzheitliche Entwicklung. Deswegen schenken wir dem Bewegungsbed\u00fcrfnis der Kinder gro\u00dfe Aufmerksamkeit. Unterschiedlichste Anreize zum Laufen, Krabbeln, Klettern, Schieben, Fahren, etc. bieten Materialien und Gegebenheiten, wie Podeste, Kriechtunnel, Stufen, Maxibausteine und Wippe. Der Gleichgewichtssinn, das K\u00f6rpergef\u00fchl, die Entfernung von Dingen und verschiedene Beschaffenheiten werden erfahren. Hier k\u00f6nnen eigene Grenzen erlebt und \u00fcberwunden werden. Das f\u00f6rdert das Selbstbewusstsein und das Sicherheitsgef\u00fchl. Weitreichende Erfahrungen im sensorischen Bereich sammeln die Kinder durch verschiedene Bodenbel\u00e4ge, wie Teppich, Laminat und Fliesen, aber auch im Garten auf Rasen, Steinterrasse und Sand. &nbsp;Das Verstehen der Welt geschieht durch \u201eBegreifen\u201c. Kinder lernen durch Anfassen und Formen. Deswegen bieten wir haptische (ertastbare) M\u00f6glichkeiten an, durch Knete, Matschen mit Wasser und Sand und Malen mit Fingerfarben. Lernw\u00e4nde bieten vielf\u00e4ltige Materialien zum Erf\u00fchlen.<\/p>\n\n\n\n<h3 class=\"wp-block-heading\" id=\"Gestalten\">Gestalten<\/h3>\n\n\n\n<div class=\"wp-block-image\"><figure class=\"alignleft size-full is-resized\"><img data-recalc-dims=\"1\" decoding=\"async\" src=\"https:\/\/i0.wp.com\/huettens-zwerge.de\/wp-content\/uploads\/2021\/11\/Malstifte.jpg?resize=160%2C106&#038;ssl=1\" alt=\"\" class=\"wp-image-447\" width=\"160\" height=\"106\" srcset=\"https:\/\/i0.wp.com\/huettens-zwerge.de\/wp-content\/uploads\/2021\/11\/Malstifte.jpg?w=640&amp;ssl=1 640w, https:\/\/i0.wp.com\/huettens-zwerge.de\/wp-content\/uploads\/2021\/11\/Malstifte.jpg?resize=300%2C199&amp;ssl=1 300w, https:\/\/i0.wp.com\/huettens-zwerge.de\/wp-content\/uploads\/2021\/11\/Malstifte.jpg?resize=600%2C398&amp;ssl=1 600w\" sizes=\"(max-width: 160px) 100vw, 160px\" \/><\/figure><\/div>\n\n\n\n<p>Mit verschiedenen von uns zur Verf\u00fcgung gestellten Materialien, zum Beispiel Papier, Malstiften, Fingerfarben, Knete, Kreide und anderen Kreativmaterialien d\u00fcrfen die Kinder sich frei ausprobieren und erhalten so ein erstes Gef\u00fchl im \u00e4sthetischen Bereich. W\u00e4hrend unserer Ausfl\u00fcge oder im Garten sammeln wir Naturmaterialien wie Steine, Bl\u00e4tter, Tannenzapfen, Kastanien, etc. die zum Basteln genutzt werden k\u00f6nnen. <strong><u><\/u><\/strong><\/p>\n\n\n\n<p>Es geht nicht um die Erstellung fertiger Produkte, sondern um die Freude beim Gestalten. Kreativit\u00e4t ist ein freier und selbstbestimmter Schaffensprozess und bietet den Kindern wichtige Ausdrucksformen. So k\u00f6nnen zum Beispiel innere Themen sichtbar gemacht, Gef\u00fchle ausgedr\u00fcckt oder Erlebtes verarbeitet werden.<\/p>\n\n\n\n<p>Sie lernen Farben kennen, nach eigenen Vorlieben zu nutzen und durch Mischen erste Erkenntnisse zur Farblehre. Selbstwirksamkeit wird erfahren &#8211; es passiert etwas, wenn ich dieses oder jenes tue. Gestaltungsprozesse f\u00f6rdern die Feinmotorik, K\u00f6rperkoordination, Konzentrationsf\u00e4higkeit und Ausdauer.<\/p>\n\n\n\n<p>Wichtig ist, dass die Kinder ihr Werk als eigene Arbeit erkennen und wertsch\u00e4tzen. Dies unterst\u00fctzen wir dadurch, dass Bilder oder andere Objekte in unseren R\u00e4umen pr\u00e4sentiert werden und die Kinder k\u00f6nnen so aktiv ihr Lebensumfeld mitgestalten.<\/p>\n\n\n\n<h3 class=\"wp-block-heading\" id=\"Sprachf\u00f6rderung\">Sprachf\u00f6rderung<\/h3>\n\n\n\n<p>Um die Sprachentwicklung zu unterst\u00fctzen und zu f\u00f6rdern, singen wir gemeinsam Lieder, Geschichten werden vorgelesen, Bilderb\u00fccher zu aktuellen Themen angeschaut und Gegenst\u00e4nde und Farben immer benannt. Gespr\u00e4che auf Augenh\u00f6he w\u00e4hrend der Fu\u00dfbodenzeit bieten jedem einzelnen Kind eine t\u00e4gliche ungeteilte Aufmerksamkeit. Wir als achten dabei unsererseits auf eine klare und deutliche Aussprache.<\/p>\n\n\n\n<h3 class=\"wp-block-heading\" id=\"Natur-und-Umwelt\">Natur und Umwelt<\/h3>\n\n\n\n<div class=\"wp-block-image\"><figure class=\"alignleft size-large is-resized\"><img data-recalc-dims=\"1\" decoding=\"async\" src=\"https:\/\/i0.wp.com\/huettens-zwerge.de\/wp-content\/uploads\/2021\/11\/Kinderbus-und-Bollerawagen.jpg?resize=186%2C140&#038;ssl=1\" alt=\"\" class=\"wp-image-379\" width=\"186\" height=\"140\" srcset=\"https:\/\/i0.wp.com\/huettens-zwerge.de\/wp-content\/uploads\/2021\/11\/Kinderbus-und-Bollerawagen.jpg?resize=1024%2C768&amp;ssl=1 1024w, https:\/\/i0.wp.com\/huettens-zwerge.de\/wp-content\/uploads\/2021\/11\/Kinderbus-und-Bollerawagen.jpg?resize=300%2C225&amp;ssl=1 300w, https:\/\/i0.wp.com\/huettens-zwerge.de\/wp-content\/uploads\/2021\/11\/Kinderbus-und-Bollerawagen.jpg?resize=768%2C576&amp;ssl=1 768w, https:\/\/i0.wp.com\/huettens-zwerge.de\/wp-content\/uploads\/2021\/11\/Kinderbus-und-Bollerawagen.jpg?resize=600%2C450&amp;ssl=1 600w, https:\/\/i0.wp.com\/huettens-zwerge.de\/wp-content\/uploads\/2021\/11\/Kinderbus-und-Bollerawagen.jpg?resize=1536%2C1152&amp;ssl=1 1536w, https:\/\/i0.wp.com\/huettens-zwerge.de\/wp-content\/uploads\/2021\/11\/Kinderbus-und-Bollerawagen.jpg?w=1984&amp;ssl=1 1984w, https:\/\/i0.wp.com\/huettens-zwerge.de\/wp-content\/uploads\/2021\/11\/Kinderbus-und-Bollerawagen.jpg?w=1664&amp;ssl=1 1664w\" sizes=\"(max-width: 186px) 100vw, 186px\" \/><\/figure><\/div>\n\n\n\n<p>Wir gehen an vielen Tagen nach drau\u00dfen, auch an grauen Tagen; oftmals in unseren Garten, aber auch Ausfl\u00fcge zum nahegelegenen <a href=\"https:\/\/landschaftspark.de\/\" target=\"_blank\" rel=\"noopener\">Landschaftspark Nord<\/a> oder den <a href=\"https:\/\/www.awo-duisburg.de\/familie-und-jugend\/schule-und-ausbildung\/bauspielplaetze\/lernbauernhof-ingenhammshof\" target=\"_blank\" rel=\"noopener\">Ingenhammshof<\/a>. Naturmaterialien wie Bl\u00e4tter, Steine und St\u00f6ckchen k\u00f6nnen gesammelt werden, um daraus beispielsweise etwas entstehen zu lassen. Die frische Luft und viel Licht sind wichtig f\u00fcr einen gesunden Organismus und ein helles Gem\u00fct. F\u00fcr die Ausfl\u00fcge nutzen wir unseren Winther Kinderbus und unseren Bollerwagen von Elvent.<\/p>\n\n\n\n<p><\/p>\n\n\n\n<h3 class=\"wp-block-heading\" id=\"Musik\">Musik<\/h3>\n\n\n\n<p>Klangerfahrungen durch Singen, Klatschen und Musikinstrumente geh\u00f6ren zum t\u00e4glichen Programm. Das Erleben von Musik wirkt anregend und hat einen positiven Einfluss auf die Synapsenbildung im Gehirn. Energien werden freigesetzt, das Rhythmusgef\u00fchl entwickelt. Emotionen wie Freude aber auch Frust k\u00f6nnen durch Tanzen und Trommeln ausgelebt werden. T\u00f6ne und Musik werden bewusst wahrgenommen.<\/p>\n\n\n\n<h3 class=\"wp-block-heading\" id=\"Sozialkompetenz\">Sozialkompetenz<\/h3>\n\n\n\n<p>Gemeinsames Singen f\u00f6rdert das Gruppengef\u00fchl. Gemeinsamkeiten verbinden. Weitere soziale Kompetenzen erfahren die Kinder durch einen respektvollen Umgang miteinander und durch uns als P\u00e4dagogen. Bei Gespr\u00e4chen begeben wir uns auf Augenh\u00f6he, der Tonfall ist ruhig und geduldig. Alle Gef\u00fchle der Kinder sind erlaubt und sollten entdeckt und wahrgenommen werden. Die Kinder brauchen f\u00fcr ihre Gef\u00fchlswelt Resonanz, um zu verstehen, was sie gerade antreibt. Wir k\u00f6nnen diese Resonanz geben, indem wir versuchen, die Gef\u00fchle des Kindes in Worte zu fassen.<\/p>\n\n\n\n<h3 class=\"wp-block-heading\" id=\"Trockenwerden\">Trockenwerden<\/h3>\n\n\n\n<p>Kinder werden in unterschiedlichem Alter trocken, denn wann Blase und Stuhlgang kontrolliert werden k\u00f6nnen, ist sehr individuell.<br><br>In der Regel kommt das Trockenwerden ganz von selbst, dass Kind zeigt, wann es so weit ist. Meist zeigen sich im Verlauf des dritten Lebensjahres die ersten Hinweise, zum Beispiel macht es mit Worten und Gesten auf eine volle Windel aufmerksam.<br><br>Wenn das Kind so weit ist und entsprechende Signale gibt, wird mit den Eltern die weitere Vorgehensweise besprochen. Um die Toilette kennenzulernen und Routine im Ablauf zu bekommen, bieten wir regelm\u00e4\u00dfig den Gang zur Toilette an und begleiten ihn unterst\u00fctzend. Wichtig sind Hosen, die das Kind allein an- und ausziehen kann. Gerade am Anfang sind auf jeden Fall viele Wechselsachen n\u00f6tig. Zum Beginn des Trockenwerdenprozesses werden h\u00e4ufig noch Windelh\u00f6schen genutzt.<\/p>\n","protected":false},"excerpt":{"rendered":"<p>Wir arbeiten nach dem Situationsorientierten Ansatz, dessen Ziel ist die Selbst-, Sach-, und Sozialkompetenz von Kindern auf- und auszubauen, um bei den Kindern m\u00f6glichst viele Ressourcen zu wecken und eine Entwicklung in allen Entwicklungsfeldern m\u00f6glich zu machen. <\/p>\n","protected":false},"author":1,"featured_media":0,"parent":0,"menu_order":1,"comment_status":"closed","ping_status":"closed","template":"","meta":{"footnotes":""},"class_list":["post-150","page","type-page","status-publish","hentry","latest_post"],"jetpack-related-posts":[{"id":118,"url":"https:\/\/huettens-zwerge.de\/?page_id=118","url_meta":{"origin":150,"position":0},"title":"Informationen","author":"Dennis","date":"23. Oktober 2021","format":false,"excerpt":"Kindertagespflege Duisburg, Tagesablauf, Eingew\u00f6hnung, Ern\u00e4hrung, Entwicklungsdokumentation, Betreuungskosten","rel":"","context":"\u00c4hnlicher Beitrag","block_context":{"text":"\u00c4hnlicher Beitrag","link":""},"img":{"alt_text":"","src":"https:\/\/i0.wp.com\/huettens-zwerge.de\/wp-content\/uploads\/2021\/10\/Haus_Hinteransicht-1-scaled.jpg?resize=350%2C200","width":350,"height":200,"srcset":"https:\/\/i0.wp.com\/huettens-zwerge.de\/wp-content\/uploads\/2021\/10\/Haus_Hinteransicht-1-scaled.jpg?resize=350%2C200 1x, https:\/\/i0.wp.com\/huettens-zwerge.de\/wp-content\/uploads\/2021\/10\/Haus_Hinteransicht-1-scaled.jpg?resize=525%2C300 1.5x, https:\/\/i0.wp.com\/huettens-zwerge.de\/wp-content\/uploads\/2021\/10\/Haus_Hinteransicht-1-scaled.jpg?resize=700%2C400 2x, https:\/\/i0.wp.com\/huettens-zwerge.de\/wp-content\/uploads\/2021\/10\/Haus_Hinteransicht-1-scaled.jpg?resize=1050%2C600 3x, https:\/\/i0.wp.com\/huettens-zwerge.de\/wp-content\/uploads\/2021\/10\/Haus_Hinteransicht-1-scaled.jpg?resize=1400%2C800 4x"},"classes":[]},{"id":432,"url":"https:\/\/huettens-zwerge.de\/?page_id=432","url_meta":{"origin":150,"position":1},"title":"Team","author":"Dennis","date":"14. November 2021","format":false,"excerpt":"Besuchen Sie unsere Teamseite! Wir sind Nicole H\u00fctten - Erzieherin, Dennis H\u00fctten - Fachkraft U3 und Doris Seiberling - Teamassistentin","rel":"","context":"\u00c4hnlicher Beitrag","block_context":{"text":"\u00c4hnlicher Beitrag","link":""},"img":{"alt_text":"","src":"https:\/\/i0.wp.com\/huettens-zwerge.de\/wp-content\/uploads\/2021\/10\/Bernd-Schnurzpiep.jpg?resize=350%2C200&ssl=1","width":350,"height":200,"srcset":"https:\/\/i0.wp.com\/huettens-zwerge.de\/wp-content\/uploads\/2021\/10\/Bernd-Schnurzpiep.jpg?resize=350%2C200&ssl=1 1x, https:\/\/i0.wp.com\/huettens-zwerge.de\/wp-content\/uploads\/2021\/10\/Bernd-Schnurzpiep.jpg?resize=525%2C300&ssl=1 1.5x, https:\/\/i0.wp.com\/huettens-zwerge.de\/wp-content\/uploads\/2021\/10\/Bernd-Schnurzpiep.jpg?resize=700%2C400&ssl=1 2x, https:\/\/i0.wp.com\/huettens-zwerge.de\/wp-content\/uploads\/2021\/10\/Bernd-Schnurzpiep.jpg?resize=1050%2C600&ssl=1 3x, https:\/\/i0.wp.com\/huettens-zwerge.de\/wp-content\/uploads\/2021\/10\/Bernd-Schnurzpiep.jpg?resize=1400%2C800&ssl=1 4x"},"classes":[]},{"id":28,"url":"https:\/\/huettens-zwerge.de\/","url_meta":{"origin":150,"position":2},"title":"Startseite","author":"Dennis","date":"21. Oktober 2021","format":false,"excerpt":"Immer mehr Eltern m\u00f6chten oder m\u00fcssen nach dem Erziehungsurlaub zur\u00fcck in die Arbeitswelt.\u00a0Meist stellt sich die Frage nach einem passenden Betreuungsplatz f\u00fcr das Kind. Hier bieten wir mit unserer Kindertagespflege eine L\u00f6sungsm\u00f6glichkeit.","rel":"","context":"\u00c4hnlicher Beitrag","block_context":{"text":"\u00c4hnlicher Beitrag","link":""},"img":{"alt_text":"","src":"","width":0,"height":0},"classes":[]},{"id":3,"url":"https:\/\/huettens-zwerge.de\/?page_id=3","url_meta":{"origin":150,"position":3},"title":"Datenschutzerkl\u00e4rung","author":"Dennis","date":"21. Oktober 2021","format":false,"excerpt":"1. Datenschutz auf einen Blick Allgemeine Hinweise Die folgenden Hinweise geben einen einfachen \u00dcberblick dar\u00fcber, was mit Ihren personenbezogenen Daten passiert, wenn Sie diese Website besuchen. Personenbezogene Daten sind alle Daten, mit denen Sie pers\u00f6nlich identifiziert werden k\u00f6nnen. Ausf\u00fchrliche Informationen zum Thema Datenschutz entnehmen Sie unserer unter diesem Text aufgef\u00fchrten\u2026","rel":"","context":"\u00c4hnlicher Beitrag","block_context":{"text":"\u00c4hnlicher Beitrag","link":""},"img":{"alt_text":"","src":"","width":0,"height":0},"classes":[]}],"jetpack_sharing_enabled":true,"_links":{"self":[{"href":"https:\/\/huettens-zwerge.de\/index.php?rest_route=\/wp\/v2\/pages\/150","targetHints":{"allow":["GET"]}}],"collection":[{"href":"https:\/\/huettens-zwerge.de\/index.php?rest_route=\/wp\/v2\/pages"}],"about":[{"href":"https:\/\/huettens-zwerge.de\/index.php?rest_route=\/wp\/v2\/types\/page"}],"author":[{"embeddable":true,"href":"https:\/\/huettens-zwerge.de\/index.php?rest_route=\/wp\/v2\/users\/1"}],"replies":[{"embeddable":true,"href":"https:\/\/huettens-zwerge.de\/index.php?rest_route=%2Fwp%2Fv2%2Fcomments&post=150"}],"version-history":[{"count":21,"href":"https:\/\/huettens-zwerge.de\/index.php?rest_route=\/wp\/v2\/pages\/150\/revisions"}],"predecessor-version":[{"id":454,"href":"https:\/\/huettens-zwerge.de\/index.php?rest_route=\/wp\/v2\/pages\/150\/revisions\/454"}],"wp:attachment":[{"href":"https:\/\/huettens-zwerge.de\/index.php?rest_route=%2Fwp%2Fv2%2Fmedia&parent=150"}],"curies":[{"name":"wp","href":"https:\/\/api.w.org\/{rel}","templated":true}]}}