{"id":265,"date":"2021-10-25T21:59:14","date_gmt":"2021-10-25T19:59:14","guid":{"rendered":"https:\/\/huettens-zwerge.de\/?page_id=265"},"modified":"2021-11-08T10:15:15","modified_gmt":"2021-11-08T09:15:15","slug":"ihr-weg-zu-uns","status":"publish","type":"page","link":"https:\/\/huettens-zwerge.de\/?page_id=265","title":{"rendered":"Ihr Weg zu uns"},"content":{"rendered":"\n<div><iframe src=\"https:\/\/maps.google.com\/maps?q=47137+Duisburg%2C+Emilstr.+7&amp;z=16&amp;t=m&amp;output=embed\" style=\"border:0;height:300px;width:100%\"><\/iframe><\/div>\n\n\n\n<p>H\u00fcttens Zwerge &#8211; Kindertagespflege<br>Nicole und Dennis H\u00fctten GbR<br>Emilstra\u00dfe 7<br>47137 Duisburg<br><br>\u260f Telefon <a href=\"tel:+4920341059440\">0203 410 59 440<\/a><br>\u2706 Mobilfunk <a href=\"tel:+491772305807\">0177 230 58 07<\/a><br>\u2709 E-Mail <a href=\"mailto:info@huettens-zwerge.de\">info@huettens-zwerge.de <\/a> <\/p>\n","protected":false},"excerpt":{"rendered":"<p>Ihr Weg zu uns<br \/>\nH\u00fcttens Zwerge &#8211; Kindertagespflege<br \/>\nNicole und Dennis H\u00fctten GbR<br \/>\nEmilstra\u00dfe 7<br \/>\n47137 Duisburg<\/p>\n","protected":false},"author":1,"featured_media":0,"parent":0,"menu_order":0,"comment_status":"closed","ping_status":"closed","template":"","meta":{"footnotes":""},"class_list":["post-265","page","type-page","status-publish","hentry","latest_post"],"jetpack-related-posts":[{"id":432,"url":"https:\/\/huettens-zwerge.de\/?page_id=432","url_meta":{"origin":265,"position":0},"title":"Team","author":"Dennis","date":"14. November 2021","format":false,"excerpt":"Besuchen Sie unsere Teamseite! Wir sind Nicole H\u00fctten - Erzieherin, Dennis H\u00fctten - Fachkraft U3 und Doris Seiberling - Teamassistentin","rel":"","context":"\u00c4hnlicher Beitrag","block_context":{"text":"\u00c4hnlicher Beitrag","link":""},"img":{"alt_text":"","src":"https:\/\/i0.wp.com\/huettens-zwerge.de\/wp-content\/uploads\/2021\/10\/Bernd-Schnurzpiep.jpg?resize=350%2C200&ssl=1","width":350,"height":200,"srcset":"https:\/\/i0.wp.com\/huettens-zwerge.de\/wp-content\/uploads\/2021\/10\/Bernd-Schnurzpiep.jpg?resize=350%2C200&ssl=1 1x, https:\/\/i0.wp.com\/huettens-zwerge.de\/wp-content\/uploads\/2021\/10\/Bernd-Schnurzpiep.jpg?resize=525%2C300&ssl=1 1.5x, https:\/\/i0.wp.com\/huettens-zwerge.de\/wp-content\/uploads\/2021\/10\/Bernd-Schnurzpiep.jpg?resize=700%2C400&ssl=1 2x, https:\/\/i0.wp.com\/huettens-zwerge.de\/wp-content\/uploads\/2021\/10\/Bernd-Schnurzpiep.jpg?resize=1050%2C600&ssl=1 3x, https:\/\/i0.wp.com\/huettens-zwerge.de\/wp-content\/uploads\/2021\/10\/Bernd-Schnurzpiep.jpg?resize=1400%2C800&ssl=1 4x"},"classes":[]},{"id":84,"url":"https:\/\/huettens-zwerge.de\/?page_id=84","url_meta":{"origin":265,"position":1},"title":"Impressum","author":"Dennis","date":"23. Oktober 2021","format":false,"excerpt":"Angaben gem\u00e4\u00df \u00a7 5 TMG Nicole und Dennis H\u00fctten GbREmilstra\u00dfe 747137 Duisburg Vertreten durch: Nicole H\u00fcttenDennis H\u00fctten Kontakt Telefon: 0203 410 59 440E-Mail: info@huettens-zwerge.de Aufsichtsbeh\u00f6rde Stadt DuisburgJugendamtKuhstra\u00dfe 647051 Duisburg https:\/\/www.duisburg.de\/vv\/oe\/dezernat-ii\/51\/Jugendamt.php Redaktionell verantwortlich Dennis H\u00fcttenNicole H\u00fctten EU-Streitschlichtung Die Europ\u00e4ische Kommission stellt eine Plattform zur Online-Streitbeilegung (OS) bereit:https:\/\/ec.europa.eu\/consumers\/odr\/. Unsere E-Mail-Adresse finden Sie\u2026","rel":"","context":"\u00c4hnlicher Beitrag","block_context":{"text":"\u00c4hnlicher Beitrag","link":""},"img":{"alt_text":"","src":"","width":0,"height":0},"classes":[]},{"id":200,"url":"https:\/\/huettens-zwerge.de\/?page_id=200","url_meta":{"origin":265,"position":2},"title":"News","author":"Dennis","date":"24. Oktober 2021","format":false,"excerpt":"H\u00fcttens Zwerge - Kindertagesplege. Neuigkeiten und Veranstaltungen","rel":"","context":"\u00c4hnlicher Beitrag","block_context":{"text":"\u00c4hnlicher Beitrag","link":""},"img":{"alt_text":"","src":"","width":0,"height":0},"classes":[]},{"id":28,"url":"https:\/\/huettens-zwerge.de\/","url_meta":{"origin":265,"position":3},"title":"Startseite","author":"Dennis","date":"21. Oktober 2021","format":false,"excerpt":"Immer mehr Eltern m\u00f6chten oder m\u00fcssen nach dem Erziehungsurlaub zur\u00fcck in die Arbeitswelt.\u00a0Meist stellt sich die Frage nach einem passenden Betreuungsplatz f\u00fcr das Kind. Hier bieten wir mit unserer Kindertagespflege eine L\u00f6sungsm\u00f6glichkeit.","rel":"","context":"\u00c4hnlicher Beitrag","block_context":{"text":"\u00c4hnlicher Beitrag","link":""},"img":{"alt_text":"","src":"","width":0,"height":0},"classes":[]},{"id":6,"url":"https:\/\/huettens-zwerge.de\/?page_id=6","url_meta":{"origin":265,"position":4},"title":"Kontakt","author":"Dennis","date":"21. Oktober 2021","format":false,"excerpt":"Nehmen Sie Kontakt \u00fcber unser entsprechendes Formular mit uns auf!","rel":"","context":"\u00c4hnlicher Beitrag","block_context":{"text":"\u00c4hnlicher Beitrag","link":""},"img":{"alt_text":"","src":"","width":0,"height":0},"classes":[]},{"id":338,"url":"https:\/\/huettens-zwerge.de\/?page_id=338","url_meta":{"origin":265,"position":5},"title":"Diese Seite konnte nicht gefunden werden!","author":"Dennis","date":"31. Oktober 2021","format":false,"excerpt":"Gr\u00fcnde daf\u00fcr k\u00f6nnen sein, dass Sie eine falsche oder veraltete URL aufgerufen haben, oder wir haben diese Seite archiviert, verschoben oder umbenannt. Vielleicht k\u00f6nnen Sie den gew\u00fcnschten Inhalt \u00fcber unsere Startseite finden: Startseite Oder Sie nutzen unsere Suche:","rel":"","context":"\u00c4hnlicher Beitrag","block_context":{"text":"\u00c4hnlicher Beitrag","link":""},"img":{"alt_text":"","src":"https:\/\/i0.wp.com\/huettens-zwerge.de\/wp-content\/uploads\/2021\/10\/404-Seite.png?resize=350%2C200&ssl=1","width":350,"height":200,"srcset":"https:\/\/i0.wp.com\/huettens-zwerge.de\/wp-content\/uploads\/2021\/10\/404-Seite.png?resize=350%2C200&ssl=1 1x, https:\/\/i0.wp.com\/huettens-zwerge.de\/wp-content\/uploads\/2021\/10\/404-Seite.png?resize=525%2C300&ssl=1 1.5x, https:\/\/i0.wp.com\/huettens-zwerge.de\/wp-content\/uploads\/2021\/10\/404-Seite.png?resize=700%2C400&ssl=1 2x, https:\/\/i0.wp.com\/huettens-zwerge.de\/wp-content\/uploads\/2021\/10\/404-Seite.png?resize=1050%2C600&ssl=1 3x"},"classes":[]}],"jetpack_sharing_enabled":true,"_links":{"self":[{"href":"https:\/\/huettens-zwerge.de\/index.php?rest_route=\/wp\/v2\/pages\/265","targetHints":{"allow":["GET"]}}],"collection":[{"href":"https:\/\/huettens-zwerge.de\/index.php?rest_route=\/wp\/v2\/pages"}],"about":[{"href":"https:\/\/huettens-zwerge.de\/index.php?rest_route=\/wp\/v2\/types\/page"}],"author":[{"embeddable":true,"href":"https:\/\/huettens-zwerge.de\/index.php?rest_route=\/wp\/v2\/users\/1"}],"replies":[{"embeddable":true,"href":"https:\/\/huettens-zwerge.de\/index.php?rest_route=%2Fwp%2Fv2%2Fcomments&post=265"}],"version-history":[{"count":17,"href":"https:\/\/huettens-zwerge.de\/index.php?rest_route=\/wp\/v2\/pages\/265\/revisions"}],"predecessor-version":[{"id":418,"href":"https:\/\/huettens-zwerge.de\/index.php?rest_route=\/wp\/v2\/pages\/265\/revisions\/418"}],"wp:attachment":[{"href":"https:\/\/huettens-zwerge.de\/index.php?rest_route=%2Fwp%2Fv2%2Fmedia&parent=265"}],"curies":[{"name":"wp","href":"https:\/\/api.w.org\/{rel}","templated":true}]}}