{"id":28,"date":"2021-10-21T16:21:38","date_gmt":"2021-10-21T16:21:38","guid":{"rendered":"https:\/\/huettens-zwerge.de\/?page_id=28"},"modified":"2021-11-08T10:15:04","modified_gmt":"2021-11-08T09:15:04","slug":"startseite","status":"publish","type":"page","link":"https:\/\/huettens-zwerge.de\/","title":{"rendered":"Startseite"},"content":{"rendered":"\n<p>Hallo und Herzlich Willkommen bei H\u00fcttens Zwerge!<\/p>\n\n\n\n<p>Immer mehr Eltern m\u00f6chten oder m\u00fcssen nach dem Erziehungsurlaub zur\u00fcck in die Arbeitswelt. Meist stellt sich die Frage nach einem passenden Betreuungsplatz f\u00fcr das Kind. Hier bieten wir mit unserer Kindertagespflege in Duisburg-Obermeiderich eine L\u00f6sungsm\u00f6glichkeit.<\/p>\n\n\n\n<p>Wir stehen f\u00fcr maximal neun Tageskinder zur Verf\u00fcgung. Unser Angebot richtet sich an Eltern mit Kindern im Alter von acht Monaten bis zum Kindergarteneintritt. Jede Nationalit\u00e4t und Glaubensrichtung ist willkommen.<\/p>\n\n\n\n<p>Wir freuen uns \u00fcber jede R\u00fcckmeldung. Dazu k\u00f6nnen Sie gerne unser <a href=\"https:\/\/huettens-zwerge.de\/?page_id=6\">Kontaktformular<\/a> nutzen, oder uns per Klick \u00fcber die nachfolgenden Wege erreichen:<br><br>\u260f Telefon <a href=\"tel:+4920341059440\">0203 410 59 440<\/a> <br>\u2706 Mobilfunk <a href=\"tel:+491772305807\">0177 230 58 07<\/a><br>\u2709 E-Mail <a href=\"mailto:info@huettens-zwerge.de\">info@huettens-zwerge.de <\/a>  <br> <\/p>\n","protected":false},"excerpt":{"rendered":"<p>Immer mehr Eltern m\u00f6chten oder m\u00fcssen nach dem Erziehungsurlaub zur\u00fcck in die Arbeitswelt.\u00a0Meist stellt sich die Frage nach einem passenden Betreuungsplatz f\u00fcr das Kind. Hier bieten wir mit unserer Kindertagespflege eine L\u00f6sungsm\u00f6glichkeit.<\/p>\n","protected":false},"author":1,"featured_media":0,"parent":0,"menu_order":0,"comment_status":"closed","ping_status":"closed","template":"","meta":{"footnotes":""},"class_list":["post-28","page","type-page","status-publish","hentry","latest_post"],"jetpack-related-posts":[{"id":118,"url":"https:\/\/huettens-zwerge.de\/?page_id=118","url_meta":{"origin":28,"position":0},"title":"Informationen","author":"Dennis","date":"23. Oktober 2021","format":false,"excerpt":"Kindertagespflege Duisburg, Tagesablauf, Eingew\u00f6hnung, Ern\u00e4hrung, Entwicklungsdokumentation, Betreuungskosten","rel":"","context":"\u00c4hnlicher Beitrag","block_context":{"text":"\u00c4hnlicher Beitrag","link":""},"img":{"alt_text":"","src":"https:\/\/i0.wp.com\/huettens-zwerge.de\/wp-content\/uploads\/2021\/10\/Haus_Hinteransicht-1-scaled.jpg?resize=350%2C200","width":350,"height":200,"srcset":"https:\/\/i0.wp.com\/huettens-zwerge.de\/wp-content\/uploads\/2021\/10\/Haus_Hinteransicht-1-scaled.jpg?resize=350%2C200 1x, https:\/\/i0.wp.com\/huettens-zwerge.de\/wp-content\/uploads\/2021\/10\/Haus_Hinteransicht-1-scaled.jpg?resize=525%2C300 1.5x, https:\/\/i0.wp.com\/huettens-zwerge.de\/wp-content\/uploads\/2021\/10\/Haus_Hinteransicht-1-scaled.jpg?resize=700%2C400 2x, https:\/\/i0.wp.com\/huettens-zwerge.de\/wp-content\/uploads\/2021\/10\/Haus_Hinteransicht-1-scaled.jpg?resize=1050%2C600 3x, https:\/\/i0.wp.com\/huettens-zwerge.de\/wp-content\/uploads\/2021\/10\/Haus_Hinteransicht-1-scaled.jpg?resize=1400%2C800 4x"},"classes":[]},{"id":150,"url":"https:\/\/huettens-zwerge.de\/?page_id=150","url_meta":{"origin":28,"position":1},"title":"P\u00e4dagogisches Konzept","author":"Dennis","date":"23. Oktober 2021","format":false,"excerpt":"Wir arbeiten nach dem Situationsorientierten Ansatz, dessen Ziel ist die Selbst-, Sach-, und Sozialkompetenz von Kindern auf- und auszubauen, um bei den Kindern m\u00f6glichst viele Ressourcen zu wecken und eine Entwicklung in allen Entwicklungsfeldern m\u00f6glich zu machen.","rel":"","context":"\u00c4hnlicher Beitrag","block_context":{"text":"\u00c4hnlicher Beitrag","link":""},"img":{"alt_text":"","src":"https:\/\/i0.wp.com\/huettens-zwerge.de\/wp-content\/uploads\/2021\/11\/Malstifte.jpg?resize=350%2C200&ssl=1","width":350,"height":200,"srcset":"https:\/\/i0.wp.com\/huettens-zwerge.de\/wp-content\/uploads\/2021\/11\/Malstifte.jpg?resize=350%2C200&ssl=1 1x, https:\/\/i0.wp.com\/huettens-zwerge.de\/wp-content\/uploads\/2021\/11\/Malstifte.jpg?resize=525%2C300&ssl=1 1.5x"},"classes":[]},{"id":432,"url":"https:\/\/huettens-zwerge.de\/?page_id=432","url_meta":{"origin":28,"position":2},"title":"Team","author":"Dennis","date":"14. November 2021","format":false,"excerpt":"Besuchen Sie unsere Teamseite! Wir sind Nicole H\u00fctten - Erzieherin, Dennis H\u00fctten - Fachkraft U3 und Doris Seiberling - Teamassistentin","rel":"","context":"\u00c4hnlicher Beitrag","block_context":{"text":"\u00c4hnlicher Beitrag","link":""},"img":{"alt_text":"","src":"https:\/\/i0.wp.com\/huettens-zwerge.de\/wp-content\/uploads\/2021\/10\/Bernd-Schnurzpiep.jpg?resize=350%2C200&ssl=1","width":350,"height":200,"srcset":"https:\/\/i0.wp.com\/huettens-zwerge.de\/wp-content\/uploads\/2021\/10\/Bernd-Schnurzpiep.jpg?resize=350%2C200&ssl=1 1x, https:\/\/i0.wp.com\/huettens-zwerge.de\/wp-content\/uploads\/2021\/10\/Bernd-Schnurzpiep.jpg?resize=525%2C300&ssl=1 1.5x, https:\/\/i0.wp.com\/huettens-zwerge.de\/wp-content\/uploads\/2021\/10\/Bernd-Schnurzpiep.jpg?resize=700%2C400&ssl=1 2x, https:\/\/i0.wp.com\/huettens-zwerge.de\/wp-content\/uploads\/2021\/10\/Bernd-Schnurzpiep.jpg?resize=1050%2C600&ssl=1 3x, https:\/\/i0.wp.com\/huettens-zwerge.de\/wp-content\/uploads\/2021\/10\/Bernd-Schnurzpiep.jpg?resize=1400%2C800&ssl=1 4x"},"classes":[]},{"id":200,"url":"https:\/\/huettens-zwerge.de\/?page_id=200","url_meta":{"origin":28,"position":3},"title":"News","author":"Dennis","date":"24. Oktober 2021","format":false,"excerpt":"H\u00fcttens Zwerge - Kindertagesplege. Neuigkeiten und Veranstaltungen","rel":"","context":"\u00c4hnlicher Beitrag","block_context":{"text":"\u00c4hnlicher Beitrag","link":""},"img":{"alt_text":"","src":"","width":0,"height":0},"classes":[]},{"id":3,"url":"https:\/\/huettens-zwerge.de\/?page_id=3","url_meta":{"origin":28,"position":4},"title":"Datenschutzerkl\u00e4rung","author":"Dennis","date":"21. Oktober 2021","format":false,"excerpt":"1. Datenschutz auf einen Blick Allgemeine Hinweise Die folgenden Hinweise geben einen einfachen \u00dcberblick dar\u00fcber, was mit Ihren personenbezogenen Daten passiert, wenn Sie diese Website besuchen. Personenbezogene Daten sind alle Daten, mit denen Sie pers\u00f6nlich identifiziert werden k\u00f6nnen. Ausf\u00fchrliche Informationen zum Thema Datenschutz entnehmen Sie unserer unter diesem Text aufgef\u00fchrten\u2026","rel":"","context":"\u00c4hnlicher Beitrag","block_context":{"text":"\u00c4hnlicher Beitrag","link":""},"img":{"alt_text":"","src":"","width":0,"height":0},"classes":[]}],"jetpack_sharing_enabled":true,"_links":{"self":[{"href":"https:\/\/huettens-zwerge.de\/index.php?rest_route=\/wp\/v2\/pages\/28","targetHints":{"allow":["GET"]}}],"collection":[{"href":"https:\/\/huettens-zwerge.de\/index.php?rest_route=\/wp\/v2\/pages"}],"about":[{"href":"https:\/\/huettens-zwerge.de\/index.php?rest_route=\/wp\/v2\/types\/page"}],"author":[{"embeddable":true,"href":"https:\/\/huettens-zwerge.de\/index.php?rest_route=\/wp\/v2\/users\/1"}],"replies":[{"embeddable":true,"href":"https:\/\/huettens-zwerge.de\/index.php?rest_route=%2Fwp%2Fv2%2Fcomments&post=28"}],"version-history":[{"count":15,"href":"https:\/\/huettens-zwerge.de\/index.php?rest_route=\/wp\/v2\/pages\/28\/revisions"}],"predecessor-version":[{"id":422,"href":"https:\/\/huettens-zwerge.de\/index.php?rest_route=\/wp\/v2\/pages\/28\/revisions\/422"}],"wp:attachment":[{"href":"https:\/\/huettens-zwerge.de\/index.php?rest_route=%2Fwp%2Fv2%2Fmedia&parent=28"}],"curies":[{"name":"wp","href":"https:\/\/api.w.org\/{rel}","templated":true}]}}