{"id":338,"date":"2021-10-31T14:46:05","date_gmt":"2021-10-31T13:46:05","guid":{"rendered":"https:\/\/huettens-zwerge.de\/?page_id=338"},"modified":"2021-10-31T15:05:17","modified_gmt":"2021-10-31T14:05:17","slug":"404-seite","status":"publish","type":"page","link":"https:\/\/huettens-zwerge.de\/?page_id=338","title":{"rendered":"Diese Seite konnte nicht gefunden werden!"},"content":{"rendered":"\n<div class=\"wp-block-image is-style-rounded\"><figure class=\"aligncenter size-large is-resized\"><img data-recalc-dims=\"1\" decoding=\"async\" src=\"https:\/\/i0.wp.com\/huettens-zwerge.de\/wp-content\/uploads\/2021\/10\/404-Seite.png?resize=624%2C409&#038;ssl=1\" alt=\"\" class=\"wp-image-340\" width=\"624\" height=\"409\" srcset=\"https:\/\/i0.wp.com\/huettens-zwerge.de\/wp-content\/uploads\/2021\/10\/404-Seite.png?resize=1024%2C672&amp;ssl=1 1024w, https:\/\/i0.wp.com\/huettens-zwerge.de\/wp-content\/uploads\/2021\/10\/404-Seite.png?resize=300%2C197&amp;ssl=1 300w, https:\/\/i0.wp.com\/huettens-zwerge.de\/wp-content\/uploads\/2021\/10\/404-Seite.png?resize=768%2C504&amp;ssl=1 768w, https:\/\/i0.wp.com\/huettens-zwerge.de\/wp-content\/uploads\/2021\/10\/404-Seite.png?resize=600%2C394&amp;ssl=1 600w, https:\/\/i0.wp.com\/huettens-zwerge.de\/wp-content\/uploads\/2021\/10\/404-Seite.png?w=1280&amp;ssl=1 1280w\" sizes=\"(max-width: 624px) 100vw, 624px\" \/><\/figure><\/div>\n\n\n\n<p>Gr\u00fcnde daf\u00fcr k\u00f6nnen sein, dass Sie eine falsche oder veraltete URL aufgerufen haben, <br>oder wir haben diese Seite archiviert, verschoben oder umbenannt.<\/p>\n\n\n\n<p>Vielleicht k\u00f6nnen Sie den gew\u00fcnschten Inhalt \u00fcber unsere Startseite finden:<\/p>\n\n\n\n<div class=\"wp-block-buttons is-layout-flex wp-block-buttons-is-layout-flex\">\n<div class=\"wp-block-button\"><a class=\"wp-block-button__link has-vivid-cyan-blue-background-color has-background\" href=\"https:\/\/huettens-zwerge.de\/\">Startseite<\/a><\/div>\n<\/div>\n\n\n\n<p>Oder Sie nutzen unsere Suche:<\/p>\n\n\n<form role=\"search\" method=\"get\" action=\"https:\/\/huettens-zwerge.de\/\" class=\"wp-block-search__button-outside wp-block-search__text-button wp-block-search\"    ><label class=\"wp-block-search__label screen-reader-text\" for=\"wp-block-search__input-1\" >Suchen<\/label><div class=\"wp-block-search__inside-wrapper\" ><input class=\"wp-block-search__input\" id=\"wp-block-search__input-1\" placeholder=\"\" value=\"\" type=\"search\" name=\"s\" required \/><button aria-label=\"Suchen\" class=\"wp-block-search__button wp-element-button\" type=\"submit\" >Suchen<\/button><\/div><\/form>","protected":false},"excerpt":{"rendered":"<p>Gr\u00fcnde daf\u00fcr k\u00f6nnen sein, dass Sie eine falsche oder veraltete URL aufgerufen haben, oder wir haben diese Seite archiviert, verschoben oder umbenannt. Vielleicht k\u00f6nnen Sie den gew\u00fcnschten Inhalt \u00fcber unsere Startseite finden: Oder Sie nutzen unsere Suche:<\/p>\n","protected":false},"author":1,"featured_media":0,"parent":0,"menu_order":0,"comment_status":"closed","ping_status":"closed","template":"","meta":{"footnotes":""},"class_list":["post-338","page","type-page","status-publish","hentry","latest_post"],"jetpack-related-posts":[{"id":28,"url":"https:\/\/huettens-zwerge.de\/","url_meta":{"origin":338,"position":0},"title":"Startseite","author":"Dennis","date":"21. Oktober 2021","format":false,"excerpt":"Immer mehr Eltern m\u00f6chten oder m\u00fcssen nach dem Erziehungsurlaub zur\u00fcck in die Arbeitswelt.\u00a0Meist stellt sich die Frage nach einem passenden Betreuungsplatz f\u00fcr das Kind. Hier bieten wir mit unserer Kindertagespflege eine L\u00f6sungsm\u00f6glichkeit.","rel":"","context":"\u00c4hnlicher Beitrag","block_context":{"text":"\u00c4hnlicher Beitrag","link":""},"img":{"alt_text":"","src":"","width":0,"height":0},"classes":[]},{"id":118,"url":"https:\/\/huettens-zwerge.de\/?page_id=118","url_meta":{"origin":338,"position":1},"title":"Informationen","author":"Dennis","date":"23. Oktober 2021","format":false,"excerpt":"Kindertagespflege Duisburg, Tagesablauf, Eingew\u00f6hnung, Ern\u00e4hrung, Entwicklungsdokumentation, Betreuungskosten","rel":"","context":"\u00c4hnlicher Beitrag","block_context":{"text":"\u00c4hnlicher Beitrag","link":""},"img":{"alt_text":"","src":"https:\/\/i0.wp.com\/huettens-zwerge.de\/wp-content\/uploads\/2021\/10\/Haus_Hinteransicht-1-scaled.jpg?resize=350%2C200","width":350,"height":200,"srcset":"https:\/\/i0.wp.com\/huettens-zwerge.de\/wp-content\/uploads\/2021\/10\/Haus_Hinteransicht-1-scaled.jpg?resize=350%2C200 1x, https:\/\/i0.wp.com\/huettens-zwerge.de\/wp-content\/uploads\/2021\/10\/Haus_Hinteransicht-1-scaled.jpg?resize=525%2C300 1.5x, https:\/\/i0.wp.com\/huettens-zwerge.de\/wp-content\/uploads\/2021\/10\/Haus_Hinteransicht-1-scaled.jpg?resize=700%2C400 2x, https:\/\/i0.wp.com\/huettens-zwerge.de\/wp-content\/uploads\/2021\/10\/Haus_Hinteransicht-1-scaled.jpg?resize=1050%2C600 3x, https:\/\/i0.wp.com\/huettens-zwerge.de\/wp-content\/uploads\/2021\/10\/Haus_Hinteransicht-1-scaled.jpg?resize=1400%2C800 4x"},"classes":[]},{"id":3,"url":"https:\/\/huettens-zwerge.de\/?page_id=3","url_meta":{"origin":338,"position":2},"title":"Datenschutzerkl\u00e4rung","author":"Dennis","date":"21. Oktober 2021","format":false,"excerpt":"1. Datenschutz auf einen Blick Allgemeine Hinweise Die folgenden Hinweise geben einen einfachen \u00dcberblick dar\u00fcber, was mit Ihren personenbezogenen Daten passiert, wenn Sie diese Website besuchen. Personenbezogene Daten sind alle Daten, mit denen Sie pers\u00f6nlich identifiziert werden k\u00f6nnen. Ausf\u00fchrliche Informationen zum Thema Datenschutz entnehmen Sie unserer unter diesem Text aufgef\u00fchrten\u2026","rel":"","context":"\u00c4hnlicher Beitrag","block_context":{"text":"\u00c4hnlicher Beitrag","link":""},"img":{"alt_text":"","src":"","width":0,"height":0},"classes":[]},{"id":432,"url":"https:\/\/huettens-zwerge.de\/?page_id=432","url_meta":{"origin":338,"position":3},"title":"Team","author":"Dennis","date":"14. November 2021","format":false,"excerpt":"Besuchen Sie unsere Teamseite! Wir sind Nicole H\u00fctten - Erzieherin, Dennis H\u00fctten - Fachkraft U3 und Doris Seiberling - Teamassistentin","rel":"","context":"\u00c4hnlicher Beitrag","block_context":{"text":"\u00c4hnlicher Beitrag","link":""},"img":{"alt_text":"","src":"https:\/\/i0.wp.com\/huettens-zwerge.de\/wp-content\/uploads\/2021\/10\/Bernd-Schnurzpiep.jpg?resize=350%2C200&ssl=1","width":350,"height":200,"srcset":"https:\/\/i0.wp.com\/huettens-zwerge.de\/wp-content\/uploads\/2021\/10\/Bernd-Schnurzpiep.jpg?resize=350%2C200&ssl=1 1x, https:\/\/i0.wp.com\/huettens-zwerge.de\/wp-content\/uploads\/2021\/10\/Bernd-Schnurzpiep.jpg?resize=525%2C300&ssl=1 1.5x, https:\/\/i0.wp.com\/huettens-zwerge.de\/wp-content\/uploads\/2021\/10\/Bernd-Schnurzpiep.jpg?resize=700%2C400&ssl=1 2x, https:\/\/i0.wp.com\/huettens-zwerge.de\/wp-content\/uploads\/2021\/10\/Bernd-Schnurzpiep.jpg?resize=1050%2C600&ssl=1 3x, https:\/\/i0.wp.com\/huettens-zwerge.de\/wp-content\/uploads\/2021\/10\/Bernd-Schnurzpiep.jpg?resize=1400%2C800&ssl=1 4x"},"classes":[]},{"id":200,"url":"https:\/\/huettens-zwerge.de\/?page_id=200","url_meta":{"origin":338,"position":4},"title":"News","author":"Dennis","date":"24. Oktober 2021","format":false,"excerpt":"H\u00fcttens Zwerge - Kindertagesplege. Neuigkeiten und Veranstaltungen","rel":"","context":"\u00c4hnlicher Beitrag","block_context":{"text":"\u00c4hnlicher Beitrag","link":""},"img":{"alt_text":"","src":"","width":0,"height":0},"classes":[]},{"id":150,"url":"https:\/\/huettens-zwerge.de\/?page_id=150","url_meta":{"origin":338,"position":5},"title":"P\u00e4dagogisches Konzept","author":"Dennis","date":"23. Oktober 2021","format":false,"excerpt":"Wir arbeiten nach dem Situationsorientierten Ansatz, dessen Ziel ist die Selbst-, Sach-, und Sozialkompetenz von Kindern auf- und auszubauen, um bei den Kindern m\u00f6glichst viele Ressourcen zu wecken und eine Entwicklung in allen Entwicklungsfeldern m\u00f6glich zu machen.","rel":"","context":"\u00c4hnlicher Beitrag","block_context":{"text":"\u00c4hnlicher Beitrag","link":""},"img":{"alt_text":"","src":"https:\/\/i0.wp.com\/huettens-zwerge.de\/wp-content\/uploads\/2021\/11\/Malstifte.jpg?resize=350%2C200&ssl=1","width":350,"height":200,"srcset":"https:\/\/i0.wp.com\/huettens-zwerge.de\/wp-content\/uploads\/2021\/11\/Malstifte.jpg?resize=350%2C200&ssl=1 1x, https:\/\/i0.wp.com\/huettens-zwerge.de\/wp-content\/uploads\/2021\/11\/Malstifte.jpg?resize=525%2C300&ssl=1 1.5x"},"classes":[]}],"jetpack_sharing_enabled":true,"_links":{"self":[{"href":"https:\/\/huettens-zwerge.de\/index.php?rest_route=\/wp\/v2\/pages\/338","targetHints":{"allow":["GET"]}}],"collection":[{"href":"https:\/\/huettens-zwerge.de\/index.php?rest_route=\/wp\/v2\/pages"}],"about":[{"href":"https:\/\/huettens-zwerge.de\/index.php?rest_route=\/wp\/v2\/types\/page"}],"author":[{"embeddable":true,"href":"https:\/\/huettens-zwerge.de\/index.php?rest_route=\/wp\/v2\/users\/1"}],"replies":[{"embeddable":true,"href":"https:\/\/huettens-zwerge.de\/index.php?rest_route=%2Fwp%2Fv2%2Fcomments&post=338"}],"version-history":[{"count":3,"href":"https:\/\/huettens-zwerge.de\/index.php?rest_route=\/wp\/v2\/pages\/338\/revisions"}],"predecessor-version":[{"id":342,"href":"https:\/\/huettens-zwerge.de\/index.php?rest_route=\/wp\/v2\/pages\/338\/revisions\/342"}],"wp:attachment":[{"href":"https:\/\/huettens-zwerge.de\/index.php?rest_route=%2Fwp%2Fv2%2Fmedia&parent=338"}],"curies":[{"name":"wp","href":"https:\/\/api.w.org\/{rel}","templated":true}]}}