{"id":432,"date":"2021-11-14T14:22:52","date_gmt":"2021-11-14T13:22:52","guid":{"rendered":"https:\/\/huettens-zwerge.de\/?page_id=432"},"modified":"2022-08-29T12:19:58","modified_gmt":"2022-08-29T10:19:58","slug":"team-testseite","status":"publish","type":"page","link":"https:\/\/huettens-zwerge.de\/?page_id=432","title":{"rendered":"Team"},"content":{"rendered":"\n<div class=\"wp-block-columns is-layout-flex wp-container-core-columns-is-layout-9d6595d7 wp-block-columns-is-layout-flex\">\n<div class=\"wp-block-column is-vertically-aligned-center is-layout-flow wp-block-column-is-layout-flow\" style=\"flex-basis:33.33%\">\n<figure class=\"wp-block-image size-full\"><img data-recalc-dims=\"1\" decoding=\"async\" width=\"309\" height=\"170\" src=\"https:\/\/i0.wp.com\/huettens-zwerge.de\/wp-content\/uploads\/2021\/11\/cropped-Logo-mit-Rand-besser_klein-e1636459006722.jpg?resize=309%2C170&#038;ssl=1\" alt=\"\" class=\"wp-image-425\" srcset=\"https:\/\/i0.wp.com\/huettens-zwerge.de\/wp-content\/uploads\/2021\/11\/cropped-Logo-mit-Rand-besser_klein-e1636459006722.jpg?w=309&amp;ssl=1 309w, https:\/\/i0.wp.com\/huettens-zwerge.de\/wp-content\/uploads\/2021\/11\/cropped-Logo-mit-Rand-besser_klein-e1636459006722.jpg?resize=300%2C165&amp;ssl=1 300w\" sizes=\"(max-width: 309px) 100vw, 309px\" \/><figcaption>Foto folgt<\/figcaption><\/figure>\n<\/div>\n\n\n\n<div class=\"wp-block-column is-layout-flow wp-block-column-is-layout-flow\" style=\"flex-basis:66.66%\">\n<h2 class=\"wp-block-heading\" id=\"nicole-hutten\">Nicole H\u00fctten<\/h2>\n\n\n\n<p>Staatlich anerkannte Erzieherin<\/p>\n\n\n\n<p>Nicole H\u00fctten ist 1981 in Essen geboren und seit 2012 selbstst\u00e4ndig in der Kindertagespflege H\u00fcttens Zwerge t\u00e4tig.<\/p>\n\n\n\n<p>In ihrer Arbeit ist es ihr wichtig die Bed\u00fcrfnisse der Kinder zu erkennen und mit einem entsprechenden Angebot zu reagieren.<\/p>\n\n\n\n<p>Besonders am Herzen liegt ihr das kreative Gestalten mit Kindern, wobei sie besonderen Wert darauflegt, dass jedes Kind m\u00f6glichst eigenst\u00e4ndig sein Werk erstellen kann, f\u00fcr ein individuelles authentisches Ergebnis.<\/p>\n<\/div>\n<\/div>\n\n\n\n<hr class=\"wp-block-separator has-css-opacity\"\/>\n\n\n\n<div class=\"wp-block-columns is-layout-flex wp-container-core-columns-is-layout-9d6595d7 wp-block-columns-is-layout-flex\">\n<div class=\"wp-block-column is-vertically-aligned-center is-layout-flow wp-block-column-is-layout-flow\" style=\"flex-basis:33.33%\">\n<figure class=\"wp-block-image size-full\"><img data-recalc-dims=\"1\" decoding=\"async\" width=\"309\" height=\"170\" src=\"https:\/\/i0.wp.com\/huettens-zwerge.de\/wp-content\/uploads\/2021\/11\/cropped-Logo-mit-Rand-besser_klein-e1636459006722.jpg?resize=309%2C170&#038;ssl=1\" alt=\"\" class=\"wp-image-425\" srcset=\"https:\/\/i0.wp.com\/huettens-zwerge.de\/wp-content\/uploads\/2021\/11\/cropped-Logo-mit-Rand-besser_klein-e1636459006722.jpg?w=309&amp;ssl=1 309w, https:\/\/i0.wp.com\/huettens-zwerge.de\/wp-content\/uploads\/2021\/11\/cropped-Logo-mit-Rand-besser_klein-e1636459006722.jpg?resize=300%2C165&amp;ssl=1 300w\" sizes=\"(max-width: 309px) 100vw, 309px\" \/><figcaption>Foto folgt<\/figcaption><\/figure>\n<\/div>\n\n\n\n<div class=\"wp-block-column is-layout-flow wp-block-column-is-layout-flow\" style=\"flex-basis:66.66%\">\n<h2 class=\"wp-block-heading\" id=\"dennis-hutten\">Dennis H\u00fctten<\/h2>\n\n\n\n<p>Fachkraft U3 &#8211; fr\u00fchkindliche Bildung und Erziehung (KA)<\/p>\n\n\n\n<p>Dennis H\u00fctten ist 1976 in Duisburg geboren und betreibt gemeinsam mit seiner Frau seit 2012 die Kindertagespflege H\u00fcttens Zwerge.<\/p>\n\n\n\n<p>Nach einer ersten Karriere im kaufm\u00e4nnischen und IT-Bereich hat er dazu an der Qualifizierung f\u00fcr Kindertagespflegepersonen erfolgreich teilgenommen. Eine laufende Weiterbildung ist f\u00fcr ihn selbstverst\u00e4ndlich, u.a. sind hier ein Lehrgang Kindererziehung beim Institut f\u00fcr Lernsysteme und eine Weiterbildung zur \u201eFachkraft U3 \u2013 fr\u00fchkindliche Bildung und Erziehung (KA)\u201c beim Kolping Bildungswerk zu nennen.<\/p>\n\n\n\n<p>Der Anteil von m\u00e4nnlichen Mitarbeitern im U3-Bereich ist immer noch gering. Dennis H\u00fcttens Ansicht nach sollten M\u00e4nner in der fr\u00fchkindlichen Bildung zum Alltag dazugeh\u00f6ren. Denn Jungen wie auch M\u00e4dchen brauchen in der fr\u00fchkindlichen Erziehung nicht nur weibliche, sondern auch m\u00e4nnliche Vorbilder. Sie brauchen M\u00e4nner und Frauen, die toben und vorlesen, die tr\u00f6sten und schlichten, die f\u00fcr den gesamten gro\u00dfen Bereich der Erziehung und Bildung zust\u00e4ndig sind. <strong><\/strong><\/p>\n<\/div>\n<\/div>\n\n\n\n<hr class=\"wp-block-separator has-css-opacity\"\/>\n\n\n\n<div class=\"wp-block-columns is-layout-flex wp-container-core-columns-is-layout-9d6595d7 wp-block-columns-is-layout-flex\">\n<div class=\"wp-block-column is-layout-flow wp-block-column-is-layout-flow\" style=\"flex-basis:33.33%\">\n<figure class=\"wp-block-image size-full\"><img data-recalc-dims=\"1\" decoding=\"async\" width=\"309\" height=\"170\" src=\"https:\/\/i0.wp.com\/huettens-zwerge.de\/wp-content\/uploads\/2021\/11\/cropped-Logo-mit-Rand-besser_klein-e1636459006722.jpg?resize=309%2C170&#038;ssl=1\" alt=\"\" class=\"wp-image-425\" srcset=\"https:\/\/i0.wp.com\/huettens-zwerge.de\/wp-content\/uploads\/2021\/11\/cropped-Logo-mit-Rand-besser_klein-e1636459006722.jpg?w=309&amp;ssl=1 309w, https:\/\/i0.wp.com\/huettens-zwerge.de\/wp-content\/uploads\/2021\/11\/cropped-Logo-mit-Rand-besser_klein-e1636459006722.jpg?resize=300%2C165&amp;ssl=1 300w\" sizes=\"(max-width: 309px) 100vw, 309px\" \/><figcaption>Foto folgt<\/figcaption><\/figure>\n<\/div>\n\n\n\n<div class=\"wp-block-column is-layout-flow wp-block-column-is-layout-flow\" style=\"flex-basis:66.66%\">\n<h2 class=\"wp-block-heading\" id=\"doris-seiberling\">Doris Seiberling<\/h2>\n\n\n\n<p>Teamassistentin<\/p>\n\n\n\n<p>Doris Seiberling ist die Mutter von Frau H\u00fctten und bringt als mehrfache Mutter, Oma und Uroma eine Menge Lebenserfahrung mit. Sie unterst\u00fctzt das Team durch die \u00dcbernahme von hauswirtschaftlichen T\u00e4tigkeiten, wie z.B. kochen, liest aber den Kindern auch gerne vor.<\/p>\n<\/div>\n<\/div>\n\n\n\n<hr class=\"wp-block-separator has-css-opacity\"\/>\n\n\n\n<div class=\"wp-block-columns is-layout-flex wp-container-core-columns-is-layout-9d6595d7 wp-block-columns-is-layout-flex\">\n<div class=\"wp-block-column is-layout-flow wp-block-column-is-layout-flow\" style=\"flex-basis:33.33%\">\n<figure class=\"wp-block-image size-large\"><img data-recalc-dims=\"1\" decoding=\"async\" width=\"767\" height=\"1024\" src=\"https:\/\/i0.wp.com\/huettens-zwerge.de\/wp-content\/uploads\/2021\/10\/Bernd-Schnurzpiep.jpg?resize=767%2C1024&#038;ssl=1\" alt=\"\" class=\"wp-image-299\" srcset=\"https:\/\/i0.wp.com\/huettens-zwerge.de\/wp-content\/uploads\/2021\/10\/Bernd-Schnurzpiep.jpg?resize=767%2C1024&amp;ssl=1 767w, https:\/\/i0.wp.com\/huettens-zwerge.de\/wp-content\/uploads\/2021\/10\/Bernd-Schnurzpiep.jpg?resize=225%2C300&amp;ssl=1 225w, https:\/\/i0.wp.com\/huettens-zwerge.de\/wp-content\/uploads\/2021\/10\/Bernd-Schnurzpiep.jpg?resize=768%2C1025&amp;ssl=1 768w, https:\/\/i0.wp.com\/huettens-zwerge.de\/wp-content\/uploads\/2021\/10\/Bernd-Schnurzpiep.jpg?resize=450%2C600&amp;ssl=1 450w, https:\/\/i0.wp.com\/huettens-zwerge.de\/wp-content\/uploads\/2021\/10\/Bernd-Schnurzpiep.jpg?resize=1151%2C1536&amp;ssl=1 1151w, https:\/\/i0.wp.com\/huettens-zwerge.de\/wp-content\/uploads\/2021\/10\/Bernd-Schnurzpiep.jpg?w=1439&amp;ssl=1 1439w\" sizes=\"(max-width: 767px) 100vw, 767px\" \/><\/figure>\n<\/div>\n\n\n\n<div class=\"wp-block-column is-layout-flow wp-block-column-is-layout-flow\" style=\"flex-basis:66.66%\">\n<h2 class=\"wp-block-heading\" id=\"herr-schnurzpiep\">Herr Schnurzpiep<\/h2>\n\n\n\n<p>P\u00e4dagogischer Mitarbeiter<\/p>\n\n\n\n<p>Bernd Schnurzpiep geh\u00f6rt seit 2019 zum H\u00fcttens-Zwerge-Team. Freunde und alle anderen d\u00fcrfen ihn Herr Schnurzpiep nennen. Herr Schnurzpiep wurde 1986 im Hamburger Hafen geboren, nennt sich aber selbst Nager ohne Kanalisationshintergrund.<\/p>\n\n\n\n<p>Nach dem Studium Vergleichender Religionswissenschaften und Philosophie als Gasth\u00f6rer an der Universit\u00e4t Hamburg hat er sich schlussendlich p\u00e4dagogisch weitergebildet.<\/p>\n\n\n\n<p>Da Ratten als aufgeweckt, neugierig und als sehr intelligent gelten und zudem sehr soziale und im Grunde reinliche Tiere sind, ist Herr Schnurzpiep ein Gewinn f\u00fcrs Team. Alle Kinder m\u00f6gen ihn und vertrauen ihm Dinge an, die er oft als einziger im Team erf\u00e4hrt.<\/p>\n<\/div>\n<\/div>\n","protected":false},"excerpt":{"rendered":"<p>Besuchen Sie unsere Teamseite! Wir sind Nicole H\u00fctten &#8211; Erzieherin, Dennis H\u00fctten &#8211; Fachkraft U3 und Doris Seiberling &#8211; Teamassistentin<\/p>\n","protected":false},"author":1,"featured_media":0,"parent":0,"menu_order":0,"comment_status":"closed","ping_status":"closed","template":"","meta":{"footnotes":""},"class_list":["post-432","page","type-page","status-publish","hentry","latest_post"],"jetpack-related-posts":[{"id":265,"url":"https:\/\/huettens-zwerge.de\/?page_id=265","url_meta":{"origin":432,"position":0},"title":"Ihr Weg zu uns","author":"Dennis","date":"25. Oktober 2021","format":false,"excerpt":"Ihr Weg zu uns H\u00fcttens Zwerge - Kindertagespflege Nicole und Dennis H\u00fctten GbR Emilstra\u00dfe 7 47137 Duisburg","rel":"","context":"\u00c4hnlicher Beitrag","block_context":{"text":"\u00c4hnlicher Beitrag","link":""},"img":{"alt_text":"","src":"","width":0,"height":0},"classes":[]},{"id":84,"url":"https:\/\/huettens-zwerge.de\/?page_id=84","url_meta":{"origin":432,"position":1},"title":"Impressum","author":"Dennis","date":"23. Oktober 2021","format":false,"excerpt":"Angaben gem\u00e4\u00df \u00a7 5 TMG Nicole und Dennis H\u00fctten GbREmilstra\u00dfe 747137 Duisburg Vertreten durch: Nicole H\u00fcttenDennis H\u00fctten Kontakt Telefon: 0203 410 59 440E-Mail: info@huettens-zwerge.de Aufsichtsbeh\u00f6rde Stadt DuisburgJugendamtKuhstra\u00dfe 647051 Duisburg https:\/\/www.duisburg.de\/vv\/oe\/dezernat-ii\/51\/Jugendamt.php Redaktionell verantwortlich Dennis H\u00fcttenNicole H\u00fctten EU-Streitschlichtung Die Europ\u00e4ische Kommission stellt eine Plattform zur Online-Streitbeilegung (OS) bereit:https:\/\/ec.europa.eu\/consumers\/odr\/. Unsere E-Mail-Adresse finden Sie\u2026","rel":"","context":"\u00c4hnlicher Beitrag","block_context":{"text":"\u00c4hnlicher Beitrag","link":""},"img":{"alt_text":"","src":"","width":0,"height":0},"classes":[]},{"id":200,"url":"https:\/\/huettens-zwerge.de\/?page_id=200","url_meta":{"origin":432,"position":2},"title":"News","author":"Dennis","date":"24. Oktober 2021","format":false,"excerpt":"H\u00fcttens Zwerge - Kindertagesplege. Neuigkeiten und Veranstaltungen","rel":"","context":"\u00c4hnlicher Beitrag","block_context":{"text":"\u00c4hnlicher Beitrag","link":""},"img":{"alt_text":"","src":"","width":0,"height":0},"classes":[]},{"id":28,"url":"https:\/\/huettens-zwerge.de\/","url_meta":{"origin":432,"position":3},"title":"Startseite","author":"Dennis","date":"21. Oktober 2021","format":false,"excerpt":"Immer mehr Eltern m\u00f6chten oder m\u00fcssen nach dem Erziehungsurlaub zur\u00fcck in die Arbeitswelt.\u00a0Meist stellt sich die Frage nach einem passenden Betreuungsplatz f\u00fcr das Kind. Hier bieten wir mit unserer Kindertagespflege eine L\u00f6sungsm\u00f6glichkeit.","rel":"","context":"\u00c4hnlicher Beitrag","block_context":{"text":"\u00c4hnlicher Beitrag","link":""},"img":{"alt_text":"","src":"","width":0,"height":0},"classes":[]},{"id":6,"url":"https:\/\/huettens-zwerge.de\/?page_id=6","url_meta":{"origin":432,"position":4},"title":"Kontakt","author":"Dennis","date":"21. Oktober 2021","format":false,"excerpt":"Nehmen Sie Kontakt \u00fcber unser entsprechendes Formular mit uns auf!","rel":"","context":"\u00c4hnlicher Beitrag","block_context":{"text":"\u00c4hnlicher Beitrag","link":""},"img":{"alt_text":"","src":"","width":0,"height":0},"classes":[]},{"id":338,"url":"https:\/\/huettens-zwerge.de\/?page_id=338","url_meta":{"origin":432,"position":5},"title":"Diese Seite konnte nicht gefunden werden!","author":"Dennis","date":"31. Oktober 2021","format":false,"excerpt":"Gr\u00fcnde daf\u00fcr k\u00f6nnen sein, dass Sie eine falsche oder veraltete URL aufgerufen haben, oder wir haben diese Seite archiviert, verschoben oder umbenannt. Vielleicht k\u00f6nnen Sie den gew\u00fcnschten Inhalt \u00fcber unsere Startseite finden: Startseite Oder Sie nutzen unsere Suche:","rel":"","context":"\u00c4hnlicher Beitrag","block_context":{"text":"\u00c4hnlicher Beitrag","link":""},"img":{"alt_text":"","src":"https:\/\/i0.wp.com\/huettens-zwerge.de\/wp-content\/uploads\/2021\/10\/404-Seite.png?resize=350%2C200&ssl=1","width":350,"height":200,"srcset":"https:\/\/i0.wp.com\/huettens-zwerge.de\/wp-content\/uploads\/2021\/10\/404-Seite.png?resize=350%2C200&ssl=1 1x, https:\/\/i0.wp.com\/huettens-zwerge.de\/wp-content\/uploads\/2021\/10\/404-Seite.png?resize=525%2C300&ssl=1 1.5x, https:\/\/i0.wp.com\/huettens-zwerge.de\/wp-content\/uploads\/2021\/10\/404-Seite.png?resize=700%2C400&ssl=1 2x, https:\/\/i0.wp.com\/huettens-zwerge.de\/wp-content\/uploads\/2021\/10\/404-Seite.png?resize=1050%2C600&ssl=1 3x"},"classes":[]}],"jetpack_sharing_enabled":true,"_links":{"self":[{"href":"https:\/\/huettens-zwerge.de\/index.php?rest_route=\/wp\/v2\/pages\/432","targetHints":{"allow":["GET"]}}],"collection":[{"href":"https:\/\/huettens-zwerge.de\/index.php?rest_route=\/wp\/v2\/pages"}],"about":[{"href":"https:\/\/huettens-zwerge.de\/index.php?rest_route=\/wp\/v2\/types\/page"}],"author":[{"embeddable":true,"href":"https:\/\/huettens-zwerge.de\/index.php?rest_route=\/wp\/v2\/users\/1"}],"replies":[{"embeddable":true,"href":"https:\/\/huettens-zwerge.de\/index.php?rest_route=%2Fwp%2Fv2%2Fcomments&post=432"}],"version-history":[{"count":10,"href":"https:\/\/huettens-zwerge.de\/index.php?rest_route=\/wp\/v2\/pages\/432\/revisions"}],"predecessor-version":[{"id":507,"href":"https:\/\/huettens-zwerge.de\/index.php?rest_route=\/wp\/v2\/pages\/432\/revisions\/507"}],"wp:attachment":[{"href":"https:\/\/huettens-zwerge.de\/index.php?rest_route=%2Fwp%2Fv2%2Fmedia&parent=432"}],"curies":[{"name":"wp","href":"https:\/\/api.w.org\/{rel}","templated":true}]}}