{"id":6,"date":"2021-10-21T13:57:27","date_gmt":"2021-10-21T13:57:27","guid":{"rendered":"https:\/\/huettens-zwerge.de\/?page_id=6"},"modified":"2024-01-11T16:55:37","modified_gmt":"2024-01-11T15:55:37","slug":"contact-us","status":"publish","type":"page","link":"https:\/\/huettens-zwerge.de\/?page_id=6","title":{"rendered":"Kontakt"},"content":{"rendered":"\n<div class=\"wp-block-contact-form-7-contact-form-selector\">\n<div class=\"wpcf7 no-js\" id=\"wpcf7-f8-o1\" lang=\"de-DE\" dir=\"ltr\" data-wpcf7-id=\"8\">\n<div class=\"screen-reader-response\"><p role=\"status\" aria-live=\"polite\" aria-atomic=\"true\"><\/p> <ul><\/ul><\/div>\n<form action=\"\/index.php?rest_route=%2Fwp%2Fv2%2Fpages%2F6#wpcf7-f8-o1\" method=\"post\" class=\"wpcf7-form init\" aria-label=\"Kontaktformular\" novalidate=\"novalidate\" data-status=\"init\">\n<fieldset class=\"hidden-fields-container\"><input type=\"hidden\" name=\"_wpcf7\" value=\"8\" \/><input type=\"hidden\" name=\"_wpcf7_version\" value=\"6.1.5\" \/><input type=\"hidden\" name=\"_wpcf7_locale\" value=\"de_DE\" \/><input type=\"hidden\" name=\"_wpcf7_unit_tag\" value=\"wpcf7-f8-o1\" \/><input type=\"hidden\" name=\"_wpcf7_container_post\" value=\"0\" \/><input type=\"hidden\" name=\"_wpcf7_posted_data_hash\" value=\"\" \/>\n<\/fieldset>\n<p><label> Dein Name<br \/>\n<span class=\"wpcf7-form-control-wrap\" data-name=\"your-name\"><input size=\"40\" maxlength=\"400\" class=\"wpcf7-form-control wpcf7-text wpcf7-validates-as-required\" aria-required=\"true\" aria-invalid=\"false\" value=\"\" type=\"text\" name=\"your-name\" \/><\/span> <\/label>\n<\/p>\n<p><label> Deine E-Mail-Adresse<br \/>\n<span class=\"wpcf7-form-control-wrap\" data-name=\"your-email\"><input size=\"40\" maxlength=\"400\" class=\"wpcf7-form-control wpcf7-email wpcf7-validates-as-required wpcf7-text wpcf7-validates-as-email\" aria-required=\"true\" aria-invalid=\"false\" value=\"\" type=\"email\" name=\"your-email\" \/><\/span> <\/label>\n<\/p>\n<p><label> Betreff<br \/>\n<span class=\"wpcf7-form-control-wrap\" data-name=\"your-subject\"><input size=\"40\" maxlength=\"400\" class=\"wpcf7-form-control wpcf7-text wpcf7-validates-as-required\" aria-required=\"true\" aria-invalid=\"false\" value=\"\" type=\"text\" name=\"your-subject\" \/><\/span> <\/label>\n<\/p>\n<p><label> Deine Nachricht (optional)<br \/>\n<span class=\"wpcf7-form-control-wrap\" data-name=\"your-message\"><textarea cols=\"40\" rows=\"10\" maxlength=\"2000\" class=\"wpcf7-form-control wpcf7-textarea\" aria-invalid=\"false\" name=\"your-message\"><\/textarea><\/span> <\/label>\n<\/p>\n<p><input class=\"wpcf7-form-control wpcf7-submit has-spinner\" type=\"submit\" value=\"Senden\" \/>\n<\/p><div class=\"wpcf7-response-output\" aria-hidden=\"true\"><\/div>\n<\/form>\n<\/div>\n<\/div>\n","protected":false},"excerpt":{"rendered":"<p>Nehmen Sie Kontakt \u00fcber unser entsprechendes Formular mit uns auf!<\/p>\n","protected":false},"author":1,"featured_media":0,"parent":0,"menu_order":0,"comment_status":"closed","ping_status":"closed","template":"templates\/template-contact.php","meta":{"footnotes":""},"class_list":["post-6","page","type-page","status-publish","hentry","latest_post"],"jetpack-related-posts":[{"id":3,"url":"https:\/\/huettens-zwerge.de\/?page_id=3","url_meta":{"origin":6,"position":0},"title":"Datenschutzerkl\u00e4rung","author":"Dennis","date":"21. Oktober 2021","format":false,"excerpt":"1. Datenschutz auf einen Blick Allgemeine Hinweise Die folgenden Hinweise geben einen einfachen \u00dcberblick dar\u00fcber, was mit Ihren personenbezogenen Daten passiert, wenn Sie diese Website besuchen. Personenbezogene Daten sind alle Daten, mit denen Sie pers\u00f6nlich identifiziert werden k\u00f6nnen. Ausf\u00fchrliche Informationen zum Thema Datenschutz entnehmen Sie unserer unter diesem Text aufgef\u00fchrten\u2026","rel":"","context":"\u00c4hnlicher Beitrag","block_context":{"text":"\u00c4hnlicher Beitrag","link":""},"img":{"alt_text":"","src":"","width":0,"height":0},"classes":[]},{"id":28,"url":"https:\/\/huettens-zwerge.de\/","url_meta":{"origin":6,"position":1},"title":"Startseite","author":"Dennis","date":"21. Oktober 2021","format":false,"excerpt":"Immer mehr Eltern m\u00f6chten oder m\u00fcssen nach dem Erziehungsurlaub zur\u00fcck in die Arbeitswelt.\u00a0Meist stellt sich die Frage nach einem passenden Betreuungsplatz f\u00fcr das Kind. Hier bieten wir mit unserer Kindertagespflege eine L\u00f6sungsm\u00f6glichkeit.","rel":"","context":"\u00c4hnlicher Beitrag","block_context":{"text":"\u00c4hnlicher Beitrag","link":""},"img":{"alt_text":"","src":"","width":0,"height":0},"classes":[]},{"id":118,"url":"https:\/\/huettens-zwerge.de\/?page_id=118","url_meta":{"origin":6,"position":2},"title":"Informationen","author":"Dennis","date":"23. Oktober 2021","format":false,"excerpt":"Kindertagespflege Duisburg, Tagesablauf, Eingew\u00f6hnung, Ern\u00e4hrung, Entwicklungsdokumentation, Betreuungskosten","rel":"","context":"\u00c4hnlicher Beitrag","block_context":{"text":"\u00c4hnlicher Beitrag","link":""},"img":{"alt_text":"","src":"https:\/\/i0.wp.com\/huettens-zwerge.de\/wp-content\/uploads\/2021\/10\/Haus_Hinteransicht-1-scaled.jpg?resize=350%2C200","width":350,"height":200,"srcset":"https:\/\/i0.wp.com\/huettens-zwerge.de\/wp-content\/uploads\/2021\/10\/Haus_Hinteransicht-1-scaled.jpg?resize=350%2C200 1x, https:\/\/i0.wp.com\/huettens-zwerge.de\/wp-content\/uploads\/2021\/10\/Haus_Hinteransicht-1-scaled.jpg?resize=525%2C300 1.5x, https:\/\/i0.wp.com\/huettens-zwerge.de\/wp-content\/uploads\/2021\/10\/Haus_Hinteransicht-1-scaled.jpg?resize=700%2C400 2x, https:\/\/i0.wp.com\/huettens-zwerge.de\/wp-content\/uploads\/2021\/10\/Haus_Hinteransicht-1-scaled.jpg?resize=1050%2C600 3x, https:\/\/i0.wp.com\/huettens-zwerge.de\/wp-content\/uploads\/2021\/10\/Haus_Hinteransicht-1-scaled.jpg?resize=1400%2C800 4x"},"classes":[]},{"id":84,"url":"https:\/\/huettens-zwerge.de\/?page_id=84","url_meta":{"origin":6,"position":3},"title":"Impressum","author":"Dennis","date":"23. Oktober 2021","format":false,"excerpt":"Angaben gem\u00e4\u00df \u00a7 5 TMG Nicole und Dennis H\u00fctten GbREmilstra\u00dfe 747137 Duisburg Vertreten durch: Nicole H\u00fcttenDennis H\u00fctten Kontakt Telefon: 0203 410 59 440E-Mail: info@huettens-zwerge.de Aufsichtsbeh\u00f6rde Stadt DuisburgJugendamtKuhstra\u00dfe 647051 Duisburg https:\/\/www.duisburg.de\/vv\/oe\/dezernat-ii\/51\/Jugendamt.php Redaktionell verantwortlich Dennis H\u00fcttenNicole H\u00fctten EU-Streitschlichtung Die Europ\u00e4ische Kommission stellt eine Plattform zur Online-Streitbeilegung (OS) bereit:https:\/\/ec.europa.eu\/consumers\/odr\/. Unsere E-Mail-Adresse finden Sie\u2026","rel":"","context":"\u00c4hnlicher Beitrag","block_context":{"text":"\u00c4hnlicher Beitrag","link":""},"img":{"alt_text":"","src":"","width":0,"height":0},"classes":[]},{"id":150,"url":"https:\/\/huettens-zwerge.de\/?page_id=150","url_meta":{"origin":6,"position":4},"title":"P\u00e4dagogisches Konzept","author":"Dennis","date":"23. Oktober 2021","format":false,"excerpt":"Wir arbeiten nach dem Situationsorientierten Ansatz, dessen Ziel ist die Selbst-, Sach-, und Sozialkompetenz von Kindern auf- und auszubauen, um bei den Kindern m\u00f6glichst viele Ressourcen zu wecken und eine Entwicklung in allen Entwicklungsfeldern m\u00f6glich zu machen.","rel":"","context":"\u00c4hnlicher Beitrag","block_context":{"text":"\u00c4hnlicher Beitrag","link":""},"img":{"alt_text":"","src":"https:\/\/i0.wp.com\/huettens-zwerge.de\/wp-content\/uploads\/2021\/11\/Malstifte.jpg?resize=350%2C200&ssl=1","width":350,"height":200,"srcset":"https:\/\/i0.wp.com\/huettens-zwerge.de\/wp-content\/uploads\/2021\/11\/Malstifte.jpg?resize=350%2C200&ssl=1 1x, https:\/\/i0.wp.com\/huettens-zwerge.de\/wp-content\/uploads\/2021\/11\/Malstifte.jpg?resize=525%2C300&ssl=1 1.5x"},"classes":[]},{"id":432,"url":"https:\/\/huettens-zwerge.de\/?page_id=432","url_meta":{"origin":6,"position":5},"title":"Team","author":"Dennis","date":"14. November 2021","format":false,"excerpt":"Besuchen Sie unsere Teamseite! Wir sind Nicole H\u00fctten - Erzieherin, Dennis H\u00fctten - Fachkraft U3 und Doris Seiberling - Teamassistentin","rel":"","context":"\u00c4hnlicher Beitrag","block_context":{"text":"\u00c4hnlicher Beitrag","link":""},"img":{"alt_text":"","src":"https:\/\/i0.wp.com\/huettens-zwerge.de\/wp-content\/uploads\/2021\/10\/Bernd-Schnurzpiep.jpg?resize=350%2C200&ssl=1","width":350,"height":200,"srcset":"https:\/\/i0.wp.com\/huettens-zwerge.de\/wp-content\/uploads\/2021\/10\/Bernd-Schnurzpiep.jpg?resize=350%2C200&ssl=1 1x, https:\/\/i0.wp.com\/huettens-zwerge.de\/wp-content\/uploads\/2021\/10\/Bernd-Schnurzpiep.jpg?resize=525%2C300&ssl=1 1.5x, https:\/\/i0.wp.com\/huettens-zwerge.de\/wp-content\/uploads\/2021\/10\/Bernd-Schnurzpiep.jpg?resize=700%2C400&ssl=1 2x, https:\/\/i0.wp.com\/huettens-zwerge.de\/wp-content\/uploads\/2021\/10\/Bernd-Schnurzpiep.jpg?resize=1050%2C600&ssl=1 3x, https:\/\/i0.wp.com\/huettens-zwerge.de\/wp-content\/uploads\/2021\/10\/Bernd-Schnurzpiep.jpg?resize=1400%2C800&ssl=1 4x"},"classes":[]}],"jetpack_sharing_enabled":true,"_links":{"self":[{"href":"https:\/\/huettens-zwerge.de\/index.php?rest_route=\/wp\/v2\/pages\/6","targetHints":{"allow":["GET"]}}],"collection":[{"href":"https:\/\/huettens-zwerge.de\/index.php?rest_route=\/wp\/v2\/pages"}],"about":[{"href":"https:\/\/huettens-zwerge.de\/index.php?rest_route=\/wp\/v2\/types\/page"}],"author":[{"embeddable":true,"href":"https:\/\/huettens-zwerge.de\/index.php?rest_route=\/wp\/v2\/users\/1"}],"replies":[{"embeddable":true,"href":"https:\/\/huettens-zwerge.de\/index.php?rest_route=%2Fwp%2Fv2%2Fcomments&post=6"}],"version-history":[{"count":3,"href":"https:\/\/huettens-zwerge.de\/index.php?rest_route=\/wp\/v2\/pages\/6\/revisions"}],"predecessor-version":[{"id":516,"href":"https:\/\/huettens-zwerge.de\/index.php?rest_route=\/wp\/v2\/pages\/6\/revisions\/516"}],"wp:attachment":[{"href":"https:\/\/huettens-zwerge.de\/index.php?rest_route=%2Fwp%2Fv2%2Fmedia&parent=6"}],"curies":[{"name":"wp","href":"https:\/\/api.w.org\/{rel}","templated":true}]}}