{"id":84,"date":"2021-10-23T14:59:51","date_gmt":"2021-10-23T12:59:51","guid":{"rendered":"https:\/\/huettens-zwerge.de\/?page_id=84"},"modified":"2021-10-25T10:12:04","modified_gmt":"2021-10-25T08:12:04","slug":"impressum","status":"publish","type":"page","link":"https:\/\/huettens-zwerge.de\/?page_id=84","title":{"rendered":"Impressum"},"content":{"rendered":"\n<p><strong>Angaben gem\u00e4\u00df \u00a7 5 TMG<\/strong><\/p>\n\n\n\n<p class=\"has-text-align-justify\">Nicole und Dennis H\u00fctten GbR<br>Emilstra\u00dfe 7<br>47137 Duisburg<\/p>\n\n\n\n<p><strong>Vertreten durch:<\/strong><\/p>\n\n\n\n<p>Nicole H\u00fctten<br>Dennis H\u00fctten<\/p>\n\n\n\n<p><strong>Kontakt<\/strong><\/p>\n\n\n\n<p>Telefon: 0203 410 59 440<br>E-Mail: <a href=\"mailto:info@huettens-zwerge.de\">info@huettens-zwerge.de<\/a><\/p>\n\n\n\n<p><strong>Aufsichtsbeh\u00f6rde<\/strong><\/p>\n\n\n\n<p>Stadt Duisburg<br>Jugendamt<br>Kuhstra\u00dfe 6<br>47051 Duisburg<\/p>\n\n\n\n<p><a href=\"https:\/\/www.duisburg.de\/vv\/oe\/dezernat-ii\/51\/Jugendamt.php\" target=\"_blank\" rel=\"noopener\">https:\/\/www.duisburg.de\/vv\/oe\/dezernat-ii\/51\/Jugendamt.php<\/a><\/p>\n\n\n\n<p><strong>Redaktionell verantwortlich<\/strong><\/p>\n\n\n\n<p>Dennis H\u00fctten<br>Nicole H\u00fctten<\/p>\n\n\n\n<p><strong>EU-Streitschlichtung<\/strong><\/p>\n\n\n\n<p>Die Europ\u00e4ische Kommission stellt eine Plattform zur Online-Streitbeilegung (OS) bereit:<br><a href=\"https:\/\/ec.europa.eu\/consumers\/odr\/\" target=\"_blank\" rel=\"noopener\">https:\/\/ec.europa.eu\/consumers\/odr\/.<\/a><\/p>\n\n\n\n<p>Unsere E-Mail-Adresse finden Sie oben im Impressum.<\/p>\n\n\n\n<p><strong>Verbraucherstreitbeilegung\/Universalschlichtungsstelle<\/strong><\/p>\n\n\n\n<p>Wir sind nicht bereit oder verpflichtet, an Streitbeilegungsverfahren vor einer Verbraucherschlichtungsstelle teilzunehmen.<\/p>\n\n\n\n<p>Quelle:<br><a href=\"https:\/\/www.e-recht24.de\/\" target=\"_blank\" rel=\"noopener\">https:\/\/www.e-recht24.de<\/a><\/p>\n","protected":false},"excerpt":{"rendered":"<p>Angaben gem\u00e4\u00df \u00a7 5 TMG Nicole und Dennis H\u00fctten GbREmilstra\u00dfe 747137 Duisburg Vertreten durch: Nicole H\u00fcttenDennis H\u00fctten Kontakt Telefon: 0203 410 59 440E-Mail: info@huettens-zwerge.de Aufsichtsbeh\u00f6rde Stadt DuisburgJugendamtKuhstra\u00dfe 647051 Duisburg https:\/\/www.duisburg.de\/vv\/oe\/dezernat-ii\/51\/Jugendamt.php Redaktionell verantwortlich Dennis H\u00fcttenNicole H\u00fctten EU-Streitschlichtung Die Europ\u00e4ische Kommission stellt eine Plattform zur Online-Streitbeilegung (OS) bereit:https:\/\/ec.europa.eu\/consumers\/odr\/. Unsere E-Mail-Adresse finden Sie oben im Impressum. Verbraucherstreitbeilegung\/Universalschlichtungsstelle Wir [&hellip;]<\/p>\n","protected":false},"author":1,"featured_media":0,"parent":0,"menu_order":0,"comment_status":"closed","ping_status":"closed","template":"","meta":{"footnotes":""},"class_list":["post-84","page","type-page","status-publish","hentry","latest_post"],"jetpack-related-posts":[{"id":265,"url":"https:\/\/huettens-zwerge.de\/?page_id=265","url_meta":{"origin":84,"position":0},"title":"Ihr Weg zu uns","author":"Dennis","date":"25. Oktober 2021","format":false,"excerpt":"Ihr Weg zu uns H\u00fcttens Zwerge - Kindertagespflege Nicole und Dennis H\u00fctten GbR Emilstra\u00dfe 7 47137 Duisburg","rel":"","context":"\u00c4hnlicher Beitrag","block_context":{"text":"\u00c4hnlicher Beitrag","link":""},"img":{"alt_text":"","src":"","width":0,"height":0},"classes":[]},{"id":432,"url":"https:\/\/huettens-zwerge.de\/?page_id=432","url_meta":{"origin":84,"position":1},"title":"Team","author":"Dennis","date":"14. November 2021","format":false,"excerpt":"Besuchen Sie unsere Teamseite! Wir sind Nicole H\u00fctten - Erzieherin, Dennis H\u00fctten - Fachkraft U3 und Doris Seiberling - Teamassistentin","rel":"","context":"\u00c4hnlicher Beitrag","block_context":{"text":"\u00c4hnlicher Beitrag","link":""},"img":{"alt_text":"","src":"https:\/\/i0.wp.com\/huettens-zwerge.de\/wp-content\/uploads\/2021\/10\/Bernd-Schnurzpiep.jpg?resize=350%2C200&ssl=1","width":350,"height":200,"srcset":"https:\/\/i0.wp.com\/huettens-zwerge.de\/wp-content\/uploads\/2021\/10\/Bernd-Schnurzpiep.jpg?resize=350%2C200&ssl=1 1x, https:\/\/i0.wp.com\/huettens-zwerge.de\/wp-content\/uploads\/2021\/10\/Bernd-Schnurzpiep.jpg?resize=525%2C300&ssl=1 1.5x, https:\/\/i0.wp.com\/huettens-zwerge.de\/wp-content\/uploads\/2021\/10\/Bernd-Schnurzpiep.jpg?resize=700%2C400&ssl=1 2x, https:\/\/i0.wp.com\/huettens-zwerge.de\/wp-content\/uploads\/2021\/10\/Bernd-Schnurzpiep.jpg?resize=1050%2C600&ssl=1 3x, https:\/\/i0.wp.com\/huettens-zwerge.de\/wp-content\/uploads\/2021\/10\/Bernd-Schnurzpiep.jpg?resize=1400%2C800&ssl=1 4x"},"classes":[]},{"id":28,"url":"https:\/\/huettens-zwerge.de\/","url_meta":{"origin":84,"position":2},"title":"Startseite","author":"Dennis","date":"21. Oktober 2021","format":false,"excerpt":"Immer mehr Eltern m\u00f6chten oder m\u00fcssen nach dem Erziehungsurlaub zur\u00fcck in die Arbeitswelt.\u00a0Meist stellt sich die Frage nach einem passenden Betreuungsplatz f\u00fcr das Kind. Hier bieten wir mit unserer Kindertagespflege eine L\u00f6sungsm\u00f6glichkeit.","rel":"","context":"\u00c4hnlicher Beitrag","block_context":{"text":"\u00c4hnlicher Beitrag","link":""},"img":{"alt_text":"","src":"","width":0,"height":0},"classes":[]},{"id":200,"url":"https:\/\/huettens-zwerge.de\/?page_id=200","url_meta":{"origin":84,"position":3},"title":"News","author":"Dennis","date":"24. Oktober 2021","format":false,"excerpt":"H\u00fcttens Zwerge - Kindertagesplege. Neuigkeiten und Veranstaltungen","rel":"","context":"\u00c4hnlicher Beitrag","block_context":{"text":"\u00c4hnlicher Beitrag","link":""},"img":{"alt_text":"","src":"","width":0,"height":0},"classes":[]},{"id":118,"url":"https:\/\/huettens-zwerge.de\/?page_id=118","url_meta":{"origin":84,"position":4},"title":"Informationen","author":"Dennis","date":"23. Oktober 2021","format":false,"excerpt":"Kindertagespflege Duisburg, Tagesablauf, Eingew\u00f6hnung, Ern\u00e4hrung, Entwicklungsdokumentation, Betreuungskosten","rel":"","context":"\u00c4hnlicher Beitrag","block_context":{"text":"\u00c4hnlicher Beitrag","link":""},"img":{"alt_text":"","src":"https:\/\/i0.wp.com\/huettens-zwerge.de\/wp-content\/uploads\/2021\/10\/Haus_Hinteransicht-1-scaled.jpg?resize=350%2C200","width":350,"height":200,"srcset":"https:\/\/i0.wp.com\/huettens-zwerge.de\/wp-content\/uploads\/2021\/10\/Haus_Hinteransicht-1-scaled.jpg?resize=350%2C200 1x, https:\/\/i0.wp.com\/huettens-zwerge.de\/wp-content\/uploads\/2021\/10\/Haus_Hinteransicht-1-scaled.jpg?resize=525%2C300 1.5x, https:\/\/i0.wp.com\/huettens-zwerge.de\/wp-content\/uploads\/2021\/10\/Haus_Hinteransicht-1-scaled.jpg?resize=700%2C400 2x, https:\/\/i0.wp.com\/huettens-zwerge.de\/wp-content\/uploads\/2021\/10\/Haus_Hinteransicht-1-scaled.jpg?resize=1050%2C600 3x, https:\/\/i0.wp.com\/huettens-zwerge.de\/wp-content\/uploads\/2021\/10\/Haus_Hinteransicht-1-scaled.jpg?resize=1400%2C800 4x"},"classes":[]},{"id":6,"url":"https:\/\/huettens-zwerge.de\/?page_id=6","url_meta":{"origin":84,"position":5},"title":"Kontakt","author":"Dennis","date":"21. Oktober 2021","format":false,"excerpt":"Nehmen Sie Kontakt \u00fcber unser entsprechendes Formular mit uns auf!","rel":"","context":"\u00c4hnlicher Beitrag","block_context":{"text":"\u00c4hnlicher Beitrag","link":""},"img":{"alt_text":"","src":"","width":0,"height":0},"classes":[]}],"jetpack_sharing_enabled":true,"_links":{"self":[{"href":"https:\/\/huettens-zwerge.de\/index.php?rest_route=\/wp\/v2\/pages\/84","targetHints":{"allow":["GET"]}}],"collection":[{"href":"https:\/\/huettens-zwerge.de\/index.php?rest_route=\/wp\/v2\/pages"}],"about":[{"href":"https:\/\/huettens-zwerge.de\/index.php?rest_route=\/wp\/v2\/types\/page"}],"author":[{"embeddable":true,"href":"https:\/\/huettens-zwerge.de\/index.php?rest_route=\/wp\/v2\/users\/1"}],"replies":[{"embeddable":true,"href":"https:\/\/huettens-zwerge.de\/index.php?rest_route=%2Fwp%2Fv2%2Fcomments&post=84"}],"version-history":[{"count":2,"href":"https:\/\/huettens-zwerge.de\/index.php?rest_route=\/wp\/v2\/pages\/84\/revisions"}],"predecessor-version":[{"id":219,"href":"https:\/\/huettens-zwerge.de\/index.php?rest_route=\/wp\/v2\/pages\/84\/revisions\/219"}],"wp:attachment":[{"href":"https:\/\/huettens-zwerge.de\/index.php?rest_route=%2Fwp%2Fv2%2Fmedia&parent=84"}],"curies":[{"name":"wp","href":"https:\/\/api.w.org\/{rel}","templated":true}]}}